{"id":1629,"date":"2026-01-19T18:23:21","date_gmt":"2026-01-19T17:23:21","guid":{"rendered":"https:\/\/gerzsenyi.hu\/?page_id=1629"},"modified":"2026-02-02T11:20:10","modified_gmt":"2026-02-02T10:20:10","slug":"organizers","status":"publish","type":"page","link":"https:\/\/woc2027.hu\/en\/organizers\/","title":{"rendered":"Organizers"},"content":{"rendered":"<section class=\"l-section wpb_row us_custom_85f0d39c us_animate_this height_large color_primary with_shape\"><div class=\"l-section-shape type_wave pos_bottom\" style=\"height:7vmin;\"><svg xmlns=\"http:\/\/www.w3.org\/2000\/svg\" viewBox=\"0 4 64 4\" preserveAspectRatio=\"none\" width=\"100%\" height=\"100%\">\r\n\t<path fill=\"currentColor\" d=\"M64 6 C32 0 32 12 0 6 L0 8 L64 8 Z\"\/>\r\n<\/svg><\/div><div class=\"l-section-h i-cf\"><div class=\"g-cols vc_row via_grid cols_1 laptops-cols_inherit tablets-cols_inherit mobiles-cols_1 valign_top type_default stacking_default\"><div class=\"wpb_column vc_column_container\"><div class=\"vc_column-inner\"><div class=\"w-text\"><span class=\"w-text-h\"><span class=\"w-text-value\">Info<\/span><\/span><\/div><h1 class=\"w-text\"><span class=\"w-text-h\"><span class=\"w-text-value\">Organizers<\/span><\/span><\/h1><\/div><\/div><\/div><\/div><\/section><section class=\"l-section wpb_row us_custom_a518f36e us_animate_this height_large\"><div class=\"l-section-h i-cf\"><div class=\"g-cols vc_row via_grid cols_2 laptops-cols_inherit tablets-cols_1 mobiles-cols_1 valign_top type_default stacking_default\"><div class=\"wpb_column vc_column_container\"><div class=\"vc_column-inner\"><div class=\"wpb_text_column\"><div class=\"wpb_wrapper\"><p data-path-to-node=\"2\">In 2023, the Council of the International Orienteering Federation (IOF) decided to award the hosting rights for the 2027 World Orienteering Championships (WOC 2027) to Hungary, with Veszpr\u00e9m as the host city.<\/p>\n<p data-path-to-node=\"3\">The Hungarian Orienteering Federation has appointed Veszpr\u00e9mi Honv\u00e9d Sportegyes\u00fclet to manage the organizational tasks.<\/p>\n<p data-path-to-node=\"4\">The Hung\u00e1ria Cup 2027 is an integral part of this large-scale project: as the official spectator event of the World Championships, it is organized by the same dedicated team that welcomes the world\u2019s elite athletes.<\/p>\n<\/div><\/div><\/div><\/div><div class=\"wpb_column vc_column_container us_custom_35b52ee0\"><div class=\"vc_column-inner\"><div class=\"w-image us_custom_213e151c align_none\"><div class=\"w-image-h\"><img decoding=\"async\" width=\"1024\" height=\"683\" src=\"https:\/\/woc2027.hu\/wp-content\/uploads\/2026\/01\/szerzodes_alairas-1024x683.jpg\" class=\"attachment-large size-large\" alt=\"\" loading=\"lazy\" srcset=\"https:\/\/woc2027.hu\/wp-content\/uploads\/2026\/01\/szerzodes_alairas-1024x683.jpg 1024w, https:\/\/woc2027.hu\/wp-content\/uploads\/2026\/01\/szerzodes_alairas-300x200.jpg 300w, https:\/\/woc2027.hu\/wp-content\/uploads\/2026\/01\/szerzodes_alairas.jpg 2048w\" sizes=\"auto, (max-width: 1024px) 100vw, 1024px\" title=\"\"><\/div><\/div><\/div><\/div><\/div><\/div><\/section><section class=\"l-section wpb_row us_custom_a518f36e bg-alternate us_animate_this height_large color_primary with_shape\"><div class=\"l-section-shape type_wave pos_top\" style=\"height:7vmin;\"><svg xmlns=\"http:\/\/www.w3.org\/2000\/svg\" viewBox=\"0 4 64 4\" preserveAspectRatio=\"none\" width=\"100%\" height=\"100%\">\r\n\t<path fill=\"currentColor\" d=\"M64 6 C32 0 32 12 0 6 L0 8 L64 8 Z\"\/>\r\n<\/svg><\/div><div class=\"l-section-shape type_wave pos_bottom\" style=\"height:7vmin;\"><svg xmlns=\"http:\/\/www.w3.org\/2000\/svg\" viewBox=\"0 4 64 4\" preserveAspectRatio=\"none\" width=\"100%\" height=\"100%\">\r\n\t<path fill=\"currentColor\" d=\"M64 6 C32 0 32 12 0 6 L0 8 L64 8 Z\"\/>\r\n<\/svg><\/div><div class=\"l-section-h i-cf\"><div class=\"g-cols vc_row via_grid cols_2 laptops-cols_inherit tablets-cols_1 mobiles-cols_1 valign_top type_default stacking_default\"><div class=\"wpb_column vc_column_container\"><div class=\"vc_column-inner\"><div class=\"w-image us_custom_213e151c align_none\"><div target=\"_blank\" title=\"Bulletein 1 let\u00f6lt\u00e9se\" class=\"w-image-h\"><img decoding=\"async\" width=\"799\" height=\"533\" src=\"https:\/\/woc2027.hu\/wp-content\/uploads\/2026\/01\/ROB_rendezok.jpg\" class=\"attachment-large size-large\" alt=\"\" loading=\"lazy\" srcset=\"https:\/\/woc2027.hu\/wp-content\/uploads\/2026\/01\/ROB_rendezok.jpg 799w, https:\/\/woc2027.hu\/wp-content\/uploads\/2026\/01\/ROB_rendezok-300x200.jpg 300w\" sizes=\"auto, (max-width: 799px) 100vw, 799px\" title=\"\"><\/div><\/div><\/div><\/div><div class=\"wpb_column vc_column_container\"><div class=\"vc_column-inner\"><h2 class=\"w-text\"><span class=\"w-text-h\"><span class=\"w-text-value\">Local Expertise, World-Class Standards<\/span><\/span><\/h2><div class=\"wpb_text_column\"><div class=\"wpb_wrapper\"><p data-path-to-node=\"2\">The backbone of the organizing committee is formed by the specialists of Veszpr\u00e9mi Honv\u00e9d Sportegyes\u00fclet. For us, Veszpr\u00e9m and the Bakony Mountains are home: we know every detail of the terrain, from the most beautiful forests to the most technical valleys.<\/p>\n<p data-path-to-node=\"3\">Our goal is to provide world-class organization and an unforgettable experience not only for the World Championship contenders but also for every participant of the Hung\u00e1ria Cup.<\/p>\n<\/div><\/div><\/div><\/div><\/div><\/div><\/section>\n","protected":false},"excerpt":{"rendered":"InfoOrganizersIn 2023, the Council of the International Orienteering Federation (IOF) decided to award the hosting rights for the 2027 World Orienteering Championships (WOC 2027) to Hungary, with Veszpr\u00e9m as the host city. The Hungarian Orienteering Federation has appointed Veszpr\u00e9mi Honv\u00e9d Sportegyes\u00fclet to manage the organizational tasks. The Hung\u00e1ria Cup 2027 is an integral part of...","protected":false},"author":4,"featured_media":0,"parent":0,"menu_order":0,"comment_status":"closed","ping_status":"closed","template":"","meta":{"_acf_changed":false,"footnotes":""},"class_list":["post-1629","page","type-page","status-publish","hentry"],"acf":[],"_links":{"self":[{"href":"https:\/\/woc2027.hu\/en\/wp-json\/wp\/v2\/pages\/1629","targetHints":{"allow":["GET"]}}],"collection":[{"href":"https:\/\/woc2027.hu\/en\/wp-json\/wp\/v2\/pages"}],"about":[{"href":"https:\/\/woc2027.hu\/en\/wp-json\/wp\/v2\/types\/page"}],"author":[{"embeddable":true,"href":"https:\/\/woc2027.hu\/en\/wp-json\/wp\/v2\/users\/4"}],"replies":[{"embeddable":true,"href":"https:\/\/woc2027.hu\/en\/wp-json\/wp\/v2\/comments?post=1629"}],"version-history":[{"count":1,"href":"https:\/\/woc2027.hu\/en\/wp-json\/wp\/v2\/pages\/1629\/revisions"}],"predecessor-version":[{"id":1642,"href":"https:\/\/woc2027.hu\/en\/wp-json\/wp\/v2\/pages\/1629\/revisions\/1642"}],"wp:attachment":[{"href":"https:\/\/woc2027.hu\/en\/wp-json\/wp\/v2\/media?parent=1629"}],"curies":[{"name":"wp","href":"https:\/\/api.w.org\/{rel}","templated":true}]}}