{"id":1618,"date":"2026-01-23T19:47:55","date_gmt":"2026-01-23T18:47:55","guid":{"rendered":"https:\/\/gerzsenyi.hu\/?page_id=1618"},"modified":"2026-04-09T13:06:11","modified_gmt":"2026-04-09T11:06:11","slug":"partners","status":"publish","type":"page","link":"https:\/\/woc2027.hu\/en\/partners\/","title":{"rendered":"Partners"},"content":{"rendered":"<section class=\"l-section wpb_row us_custom_4cfb87d6 height_large color_primary with_shape\"><div class=\"l-section-shape type_wave pos_bottom\" style=\"height:7vmin;\"><svg xmlns=\"http:\/\/www.w3.org\/2000\/svg\" viewBox=\"0 4 64 4\" preserveAspectRatio=\"none\" width=\"100%\" height=\"100%\">\r\n\t<path fill=\"currentColor\" d=\"M64 6 C32 0 32 12 0 6 L0 8 L64 8 Z\"\/>\r\n<\/svg><\/div><div class=\"l-section-h i-cf\"><div class=\"g-cols vc_row via_grid cols_1 laptops-cols_inherit tablets-cols_inherit mobiles-cols_1 valign_top type_default stacking_default\"><div class=\"wpb_column vc_column_container\"><div class=\"vc_column-inner\"><div class=\"w-text\"><span class=\"w-text-h\"><span class=\"w-text-value\">Info<\/span><\/span><\/div><h1 class=\"w-text\"><span class=\"w-text-h\"><span class=\"w-text-value\">Sponsors &#038; Partners<\/span><\/span><\/h1><\/div><\/div><\/div><\/div><\/section><section class=\"l-section wpb_row height_auto\"><div class=\"l-section-h i-cf\"><div class=\"g-cols vc_row via_grid cols_3 laptops-cols_inherit tablets-cols_inherit mobiles-cols_1 valign_middle type_default stacking_default\"><div class=\"wpb_column vc_column_container\"><div class=\"vc_column-inner\"><div class=\"w-image us_custom_6a85228f bw-logo has_height align_center\"><a target=\"_blank\" href=\"https:\/\/sportolonemzet.hu\" aria-label=\"Sportol\u00f3 Nemzet\" class=\"w-image-h\" rel=\"noopener\"><img decoding=\"async\" src=\"https:\/\/woc2027.hu\/wp-content\/uploads\/2026\/02\/Sportolo-Nemzet.svg\" class=\"attachment-full size-full\" alt=\"\" loading=\"lazy\" title=\"\"><\/a><\/div><\/div><\/div><div class=\"wpb_column vc_column_container\"><div class=\"vc_column-inner\"><div class=\"w-image us_custom_6a85228f bw-logo has_height align_center\"><a target=\"_blank\" href=\"https:\/\/honvedelem.hu\/cimke\/sportert-felelos-allamtitkar.html\" aria-label=\"HM Sport \u00c1llamtitk\u00e1rs\u00e1g\" class=\"w-image-h\" rel=\"noopener\"><img decoding=\"async\" src=\"https:\/\/woc2027.hu\/wp-content\/uploads\/2026\/02\/HM-Sport-Allamtitkarsag.svg\" class=\"attachment-full size-full\" alt=\"\" loading=\"lazy\" title=\"\"><\/a><\/div><\/div><\/div><div class=\"wpb_column vc_column_container\"><div class=\"vc_column-inner\"><div class=\"w-image us_custom_6a85228f bw-logo has_height align_center\"><a target=\"_blank\" href=\"https:\/\/sportintezet.hu\/\" aria-label=\"NSMI\" class=\"w-image-h\" rel=\"noopener\"><img decoding=\"async\" src=\"https:\/\/woc2027.hu\/wp-content\/uploads\/2026\/02\/NSMI.svg\" class=\"attachment-full size-full\" alt=\"\" loading=\"lazy\" title=\"\"><\/a><\/div><\/div><\/div><\/div><\/div><\/section><section class=\"l-section wpb_row us_custom_d392eac1 height_auto\"><div class=\"l-section-h i-cf\"><div class=\"g-cols vc_row via_grid cols_2 laptops-cols_inherit tablets-cols_inherit mobiles-cols_1 valign_middle type_default stacking_default\"><div class=\"wpb_column vc_column_container\"><div class=\"vc_column-inner\"><div class=\"w-image us_custom_f8832798 bw-logo has_height align_center\"><a target=\"_blank\" href=\"https:\/\/veszprem.hu\/\" aria-label=\"veszprem2\" class=\"w-image-h\" rel=\"noopener\"><img decoding=\"async\" width=\"1024\" height=\"392\" src=\"https:\/\/woc2027.hu\/wp-content\/uploads\/2026\/04\/veszprem2-1024x392.png\" class=\"attachment-large size-large\" alt=\"\" loading=\"lazy\" srcset=\"https:\/\/woc2027.hu\/wp-content\/uploads\/2026\/04\/veszprem2-1024x392.png 1024w, https:\/\/woc2027.hu\/wp-content\/uploads\/2026\/04\/veszprem2-300x115.png 300w, https:\/\/woc2027.hu\/wp-content\/uploads\/2026\/04\/veszprem2.png 1200w\" sizes=\"auto, (max-width: 1024px) 100vw, 1024px\" title=\"\"><\/a><\/div><\/div><\/div><div class=\"wpb_column vc_column_container\"><div class=\"vc_column-inner\"><div class=\"w-image us_custom_02652b28 bw-logo has_height align_center\"><a target=\"_blank\" href=\"https:\/\/uni-pannon.hu\/\" aria-label=\"pelogo_nev_vizszintes\" class=\"w-image-h\" rel=\"noopener\"><img decoding=\"async\" width=\"2764\" height=\"744\" src=\"https:\/\/woc2027.hu\/wp-content\/uploads\/2024\/08\/pelogo_nev_vizszintes.png\" class=\"attachment-full size-full\" alt=\"\" loading=\"lazy\" srcset=\"https:\/\/woc2027.hu\/wp-content\/uploads\/2024\/08\/pelogo_nev_vizszintes.png 2764w, https:\/\/woc2027.hu\/wp-content\/uploads\/2024\/08\/pelogo_nev_vizszintes-300x81.png 300w, https:\/\/woc2027.hu\/wp-content\/uploads\/2024\/08\/pelogo_nev_vizszintes-1024x276.png 1024w\" sizes=\"auto, (max-width: 2764px) 100vw, 2764px\" title=\"\"><\/a><\/div><\/div><\/div><\/div><\/div><\/section><section class=\"l-section wpb_row us_custom_f37aca33 height_auto\"><div class=\"l-section-h i-cf\"><div class=\"g-cols vc_row via_grid cols_2 laptops-cols_inherit tablets-cols_inherit mobiles-cols_1 valign_middle type_default stacking_default\"><div class=\"wpb_column vc_column_container\"><div class=\"vc_column-inner\"><div class=\"w-image us_custom_b73d7d07 bw-logo has_height align_center\"><a target=\"_blank\" href=\"https:\/\/szerencsejatek.hu\" aria-label=\"SzZRT_feher_hatter\" class=\"w-image-h\" rel=\"noopener\"><img decoding=\"async\" width=\"1024\" height=\"581\" src=\"https:\/\/woc2027.hu\/wp-content\/uploads\/2026\/04\/SzZRT_feher_hatter-1024x581.png\" class=\"attachment-large size-large\" alt=\"\" loading=\"lazy\" srcset=\"https:\/\/woc2027.hu\/wp-content\/uploads\/2026\/04\/SzZRT_feher_hatter-1024x581.png 1024w, https:\/\/woc2027.hu\/wp-content\/uploads\/2026\/04\/SzZRT_feher_hatter-300x170.png 300w\" sizes=\"auto, (max-width: 1024px) 100vw, 1024px\" title=\"\"><\/a><\/div><\/div><\/div><div class=\"wpb_column vc_column_container\"><div class=\"vc_column-inner\"><div class=\"w-image us_custom_dff3f2ad bw-logo has_height align_center\"><a target=\"_blank\" href=\"https:\/\/szerencsejatek.hu\" aria-label=\"tippmix_CMYK\" class=\"w-image-h\" rel=\"noopener\"><img decoding=\"async\" width=\"1871\" height=\"360\" src=\"https:\/\/woc2027.hu\/wp-content\/uploads\/2026\/04\/tippmix_CMYK.png\" class=\"attachment-full size-full\" alt=\"\" loading=\"lazy\" srcset=\"https:\/\/woc2027.hu\/wp-content\/uploads\/2026\/04\/tippmix_CMYK.png 1871w, https:\/\/woc2027.hu\/wp-content\/uploads\/2026\/04\/tippmix_CMYK-300x58.png 300w, https:\/\/woc2027.hu\/wp-content\/uploads\/2026\/04\/tippmix_CMYK-1024x197.png 1024w\" sizes=\"auto, (max-width: 1871px) 100vw, 1871px\" title=\"\"><\/a><\/div><\/div><\/div><\/div><\/div><\/section><section class=\"l-section wpb_row us_custom_4cfb87d6 height_auto\"><div class=\"l-section-h i-cf\"><div class=\"g-cols vc_row via_grid cols_3 laptops-cols_inherit tablets-cols_inherit mobiles-cols_1 valign_middle type_default stacking_default\"><div class=\"wpb_column vc_column_container\"><div class=\"vc_column-inner\"><div class=\"w-image us_custom_2f2a68e7 bw-logo align_center\"><a target=\"_blank\" href=\"https:\/\/orienteering.sport\/\" aria-label=\"iof\" class=\"w-image-h\" rel=\"noopener\"><img decoding=\"async\" src=\"https:\/\/woc2027.hu\/wp-content\/uploads\/2024\/08\/iof.svg\" class=\"attachment-full size-full\" alt=\"\" loading=\"lazy\" title=\"\"><\/a><\/div><\/div><\/div><div class=\"wpb_column vc_column_container\"><div class=\"vc_column-inner\"><div class=\"w-image us_custom_ac59074e bw-logo has_height align_center\"><a target=\"_blank\" href=\"https:\/\/www.tajfutas.hu\/mtfsz\" aria-label=\"mtfsz\" class=\"w-image-h\" rel=\"noopener\"><img decoding=\"async\" src=\"https:\/\/woc2027.hu\/wp-content\/uploads\/2024\/08\/mtfsz.svg\" class=\"attachment-full size-full\" alt=\"\" loading=\"lazy\" title=\"\"><\/a><\/div><\/div><\/div><div class=\"wpb_column vc_column_container us_custom_eb849559\"><div class=\"vc_column-inner\"><div class=\"w-image us_custom_e4885730 bw-logo has_height align_center\"><a target=\"_blank\" href=\"https:\/\/tajfutas.veszpremihonved.hu\/\" aria-label=\"VHS-logo\" class=\"w-image-h\" rel=\"noopener\"><img decoding=\"async\" src=\"https:\/\/woc2027.hu\/wp-content\/uploads\/2024\/08\/VHS-logo.svg\" class=\"attachment-full size-full\" alt=\"\" loading=\"lazy\" title=\"\"><\/a><\/div><\/div><\/div><\/div><\/div><\/section>\n","protected":false},"excerpt":{"rendered":"InfoSponsors &#038; Partners","protected":false},"author":4,"featured_media":0,"parent":0,"menu_order":0,"comment_status":"closed","ping_status":"closed","template":"","meta":{"_acf_changed":false,"footnotes":""},"class_list":["post-1618","page","type-page","status-publish","hentry"],"acf":[],"_links":{"self":[{"href":"https:\/\/woc2027.hu\/en\/wp-json\/wp\/v2\/pages\/1618","targetHints":{"allow":["GET"]}}],"collection":[{"href":"https:\/\/woc2027.hu\/en\/wp-json\/wp\/v2\/pages"}],"about":[{"href":"https:\/\/woc2027.hu\/en\/wp-json\/wp\/v2\/types\/page"}],"author":[{"embeddable":true,"href":"https:\/\/woc2027.hu\/en\/wp-json\/wp\/v2\/users\/4"}],"replies":[{"embeddable":true,"href":"https:\/\/woc2027.hu\/en\/wp-json\/wp\/v2\/comments?post=1618"}],"version-history":[{"count":3,"href":"https:\/\/woc2027.hu\/en\/wp-json\/wp\/v2\/pages\/1618\/revisions"}],"predecessor-version":[{"id":2205,"href":"https:\/\/woc2027.hu\/en\/wp-json\/wp\/v2\/pages\/1618\/revisions\/2205"}],"wp:attachment":[{"href":"https:\/\/woc2027.hu\/en\/wp-json\/wp\/v2\/media?parent=1618"}],"curies":[{"name":"wp","href":"https:\/\/api.w.org\/{rel}","templated":true}]}}